{"id":2,"date":"2016-02-29T20:22:11","date_gmt":"2016-02-29T20:22:11","guid":{"rendered":"http:\/\/patricklandry.ca\/pl\/?page_id=2"},"modified":"2025-12-18T18:35:03","modified_gmt":"2025-12-18T18:35:03","slug":"sample-page","status":"publish","type":"page","link":"https:\/\/technoesn.com\/pl\/","title":{"rendered":"Bienvenue!"},"content":{"rendered":"\n<p>Bienvenue sur le site de Technologie de l&rsquo;ESN.<\/p>\n\n\n\n<p>Les modules sont toujours en train d&rsquo;\u00eatre mise-\u00e0-jour<\/p>\n\n\n\n\n\n<h1><a href=\"https:\/\/forms.cloud.microsoft\/r\/MQKDsF3jYJ\">L&rsquo;\u00e9valuation courte du 18 d\u00e9cembre est ici!<\/a><\/h1>\n\n\n\n<figure class=\"wp-block-image size-large is-style-rounded\"><a href=\"http:\/\/technoesn.com\/checklist\/login.php\" target=\"_blank\" rel=\" noreferrer noopener\"><img decoding=\"async\" src=\"http:\/\/technoesn.com\/ldtlogo.png\" alt=\"\"\/><\/a><\/figure>\n\n\n\n<p><\/p>\n\n\n\n<figure class=\"wp-block-image size-full\"><a href=\"https:\/\/technoesn.com\/technoEval\/V2\/\" target=\"_blank\" rel=\" noreferrer noopener\"><img loading=\"lazy\" decoding=\"async\" width=\"500\" height=\"500\" src=\"https:\/\/technoesn.com\/pl\/wp-content\/uploads\/2025\/05\/evallongue.jpg\" alt=\"\" class=\"wp-image-1436\" srcset=\"https:\/\/technoesn.com\/pl\/wp-content\/uploads\/2025\/05\/evallongue.jpg 500w, https:\/\/technoesn.com\/pl\/wp-content\/uploads\/2025\/05\/evallongue-300x300.jpg 300w, https:\/\/technoesn.com\/pl\/wp-content\/uploads\/2025\/05\/evallongue-150x150.jpg 150w\" sizes=\"auto, (max-width: 500px) 100vw, 500px\" \/><\/a><\/figure>\n\n\n\n<p>Utilisez le menu de gauche pour acc\u00e9der aux modules.<\/p>\n\n\n\n<p>Merci de votre visite!<\/p>\n","protected":false},"excerpt":{"rendered":"<p>Bienvenue sur le site de Technologie de l&rsquo;ESN. Les modules sont toujours en train d&rsquo;\u00eatre mise-\u00e0-jour L&rsquo;\u00e9valuation courte du 18 d\u00e9cembre est ici! Utilisez le menu de gauche pour acc\u00e9der aux modules. Merci de votre visite!<\/p>\n","protected":false},"author":1,"featured_media":0,"parent":0,"menu_order":0,"comment_status":"closed","ping_status":"open","template":"","meta":{"footnotes":""},"class_list":["post-2","page","type-page","status-publish","hentry"],"featured_image_src":null,"_links":{"self":[{"href":"https:\/\/technoesn.com\/pl\/wp-json\/wp\/v2\/pages\/2","targetHints":{"allow":["GET"]}}],"collection":[{"href":"https:\/\/technoesn.com\/pl\/wp-json\/wp\/v2\/pages"}],"about":[{"href":"https:\/\/technoesn.com\/pl\/wp-json\/wp\/v2\/types\/page"}],"author":[{"embeddable":true,"href":"https:\/\/technoesn.com\/pl\/wp-json\/wp\/v2\/users\/1"}],"replies":[{"embeddable":true,"href":"https:\/\/technoesn.com\/pl\/wp-json\/wp\/v2\/comments?post=2"}],"version-history":[{"count":133,"href":"https:\/\/technoesn.com\/pl\/wp-json\/wp\/v2\/pages\/2\/revisions"}],"predecessor-version":[{"id":1564,"href":"https:\/\/technoesn.com\/pl\/wp-json\/wp\/v2\/pages\/2\/revisions\/1564"}],"wp:attachment":[{"href":"https:\/\/technoesn.com\/pl\/wp-json\/wp\/v2\/media?parent=2"}],"curies":[{"name":"wp","href":"https:\/\/api.w.org\/{rel}","templated":true}]}}